{"id":3436,"date":"2022-01-28T10:49:32","date_gmt":"2022-01-28T09:49:32","guid":{"rendered":"https:\/\/www.cotherm.com\/privacy-policy\/"},"modified":"2023-11-30T12:25:54","modified_gmt":"2023-11-30T11:25:54","slug":"privacy-policy","status":"publish","type":"page","link":"https:\/\/www.cotherm.com\/de\/privacy-policy\/","title":{"rendered":"Datenschutzrichtlinie"},"content":{"rendered":"\n<figure class=\"wp-block-image size-full\"><img loading=\"lazy\" decoding=\"async\" width=\"20\" height=\"20\" src=\"https:\/\/www.cotherm.com\/content\/uploads\/2022\/02\/image.png\" alt=\"\" class=\"wp-image-535\"\/><\/figure>\n\n<p>Der Schutz Ihrer Privatsph\u00e4re und Ihrer pers\u00f6nlichen Daten ist eines unserer wichtigsten Anliegen. COTHERM wendet die folgenden Grunds\u00e4tze in Bezug auf Vertraulichkeit und den Schutz personenbezogener Daten an:<\/p>\n\n<ul class=\"wp-block-list\"><li>Wir bitten Sie nur dann um personenbezogene Daten oder verarbeiten diese, wenn dies unbedingt erforderlich ist oder Sie uns Ihre Zustimmung dazu gegeben haben.<\/li><\/ul>\n\n<ul class=\"wp-block-list\"><li>Wir geben Ihre personenbezogenen Daten an niemanden weiter, es sei denn, dies ist gesetzlich vorgeschrieben, um Ihnen zu helfen, um unsere Rechte zu sch\u00fctzen oder wenn Sie uns Ihre ausdr\u00fcckliche Zustimmung dazu gegeben haben.<\/li><\/ul>\n\n<p>COTHERM befolgt alle Gesetze und Vorschriften zum Schutz personenbezogener Daten, die in den L\u00e4ndern gelten, in denen das Unternehmen t\u00e4tig ist, insbesondere, aber nicht ausschlie\u00dflich, die europ\u00e4ische Verordnung 2016\/679 vom 27. April 2016 (die Allgemeine Datenschutzverordnung, oft als GDPR bezeichnet).<\/p>\n\n<p>Durch die Nutzung der von COTHERM angebotenen Dienste erkl\u00e4ren Sie sich mit den in dieser Richtlinie zur Verarbeitung personenbezogener Daten beschriebenen Praktiken einverstanden.<\/p>\n\n<h1 class=\"wp-block-heading\" id=\"who-is-the-controller-of-my-personal-data\">Wer ist der f\u00fcr die Verarbeitung meiner personenbezogenen Daten Verantwortliche?<\/h1>\n\n<p>Der f\u00fcr die Verarbeitung Verantwortliche ist das Unternehmen, das festlegt, zu welchem Zweck und wie Ihre personenbezogenen Daten verwendet werden.<\/p>\n\n<p>Die auf der Website, in den mobilen Anwendungen und bei Bestellungen erhobenen personenbezogenen Daten werden von uns kontrolliert:<\/p>\n\n<p>COTHERM RCS Grenoble 753 773 969<\/p>\n\n<p>Hauptsitz: ZI les Lev\u00e9es, 38 470 Vinay, FRANKREICH<\/p>\n\n<p>Nachstehend als &#8220;COTHERM&#8221; bezeichnet<\/p>\n\n<h1 class=\"wp-block-heading\" id=\"what-personal-data-is-collected\">Welche personenbezogenen Daten werden erhoben?<\/h1>\n\n<p>COTHERM verpflichtet sich, nur solche personenbezogenen Daten zu erfassen, die f\u00fcr die Erbringung der abonnierten Dienste unbedingt erforderlich sind, wie z. B.:<\/p>\n\n<ul class=\"wp-block-list\"><li>Name, Vorname, Adresse, E-Mail-Adresse und Telefonnummer des Nutzers, des Empf\u00e4ngers der Bestellung oder des Angebots, des Kunden oder des Stellenbewerbers;<\/li><li>Auftrag und\/oder Lieferadresse des Kunden, falls abweichend;<\/li><li>Adresse f\u00fcr die Abholung eines Produkts, wenn es zur\u00fcckgeschickt werden muss;<\/li><li>Verbindungsdaten (IP-Adresse, Verbindungsprotokoll);<\/li><li>SIREN-Nummer (Unternehmensidentifikation) f\u00fcr unsere Treueprogramme f\u00fcr Gesch\u00e4ftskunden;<\/li><li>Geburtsdatum und -ort sowie Sozialversicherungsnummer f\u00fcr unsere Treueprogramme f\u00fcr Mitarbeiter unserer Gesch\u00e4ftskunden;<\/li><li>Daten in den Lebensl\u00e4ufen und Anschreiben der Bewerber;<\/li><li>In einigen F\u00e4llen Standortdaten, um die Konfiguration Ihrer Ger\u00e4te oder Dienste zu erleichtern oder um ein Gesch\u00e4ft in der N\u00e4he zu finden;<\/li><li>Informationen und Messungen in Bezug auf unsere Produkte und Dienstleistungen (verbundene Ger\u00e4te und Anwendungen);<\/li><li>In einigen F\u00e4llen Ihre Wi-Fi-Netzwerkkennungen (SSID und Passwort), um Ihre Wi-Fi-Ger\u00e4te zu koppeln und sie aus der Ferne zu steuern.<\/li><\/ul>\n\n<h1 class=\"wp-block-heading\" id=\"why-do-we-collect-personal-data\">Warum sammeln wir personenbezogene Daten?<\/h1>\n\n<p>COTHERM verarbeitet personenbezogene Daten f\u00fcr die folgenden Zwecke:<\/p>\n\n<ul class=\"wp-block-list\"><li>Verwaltung unserer Kunden und Interessenten;<\/li><li>Verwaltung von Online-Bestellungen auf unseren Websites;<\/li><li>Verwaltung des Kundendienstes f\u00fcr unsere Produkte;<\/li><li>Verwaltung unserer Kundenbindungsprogramme;<\/li><li>Unterst\u00fctzung unserer Kunden und Interessenten, insbesondere bei der Produktauswahl, Installation und Konfiguration;<\/li><li>Untersuchung und Analyse der Nutzung unserer Dienste, insbesondere zu Verbesserungszwecken;<\/li><li>Management der Personalbeschaffung;<\/li><li>Durchf\u00fchrung von Umfragen und Verbesserung unserer Produkte und Dienstleistungen;<\/li><li>Verwaltung und Koordinierung unserer Unternehmensnetze;<\/li><li>Teilnahme an Spielen und Wettbewerben.<\/li><\/ul>\n\n<p>COTHERM verarbeitet die Sie betreffenden personenbezogenen Daten daher auf den folgenden Rechtsgrundlagen:<\/p>\n\n<ul class=\"wp-block-list\"><li>im Rahmen des <strong>Vertragsverh\u00e4ltnisses<\/strong> zwischen Ihnen und COTHERM oder<\/li><li>aufgrund des <strong>berechtigten Interesses<\/strong>, das COTHERM an der Verarbeitung Ihrer personenbezogenen Daten hat (wenn COTHERM ein wirtschaftliches Interesse an der Verarbeitung Ihrer Daten hat, das gerechtfertigt und verh\u00e4ltnism\u00e4\u00dfig ist und Ihre Privatsph\u00e4re nicht beeintr\u00e4chtigt) oder<\/li><li>wenn Sie uns Ihre <strong>Zustimmung<\/strong> zur Verarbeitung Ihrer personenbezogenen Daten gegeben haben, oder<\/li><li>im Rahmen der Verarbeitung personenbezogener Daten, <strong>die aufgrund von Rechtsvorschriften vorgeschrieben<\/strong> ist.<\/li><\/ul>\n\n<h1 class=\"wp-block-heading\" id=\"what-are-my-rights-and-how-can-i-exercise-them\">Welche Rechte habe ich und wie kann ich sie wahrnehmen?<\/h1>\n\n<p>Als Kunde oder Nutzer der Dienste von COTHERM haben Sie das Recht:<\/p>\n\n<ul class=\"wp-block-list\"><li>zu verlangen, dass die verarbeiteten Daten \u00fcber Sie aus unseren Dateien gel\u00f6scht werden. Wenn Sie von Ihrem Recht auf Vergessenwerden Gebrauch machen und Zugang zu einem Kundenbereich auf einer Website haben, wird dieser Zugang ausgesetzt, da Ihr Login aus unseren Dateien gel\u00f6scht wird. Wir k\u00f6nnen Ihre Daten nicht l\u00f6schen, solange eine Bestellung aussteht oder ein Streitfall zwischen Ihnen und uns besteht oder, allgemeiner, solange wir Ihre Daten zur Erf\u00fcllung eines Vertrags oder einer unserer Verpflichtungen ben\u00f6tigen;<\/li><li>der Erhebung und Verarbeitung der Sie betreffenden Daten zu widersprechen, wenn diese nicht unbedingt erforderlich sind;<\/li><li>auf die \u00fcber Sie gesammelten Daten zuzugreifen und sie in einem allgemein \u00fcblichen maschinenlesbaren Format zu erhalten;<\/li><li>die Berichtigung der Sie betreffenden Daten zu erwirken;<\/li><li>die Einschr\u00e4nkung der Verarbeitung der Sie betreffenden Daten zu verlangen &#8211; zum Beispiel durch die Verweigerung der Nutzung zu Werbezwecken.<\/li><\/ul>\n\n<p>Sie k\u00f6nnen diese Rechte aus\u00fcben, indem Sie sich an uns wenden:<\/p>\n\n<ul class=\"wp-block-list\"><li>Per E-Mail: <a href=\"mailto:dpo@groupe-atlantic.com\">dpo@cotherm.com<\/a><\/li><li>Per Post (mit einer Kopie Ihres Ausweises, wenn Sie Ihre Rechte wahrnehmen) an folgende Adresse:<\/li><\/ul>\n\n<p><strong>COTHERM<\/strong>&#13;\n<strong>Zu H\u00e4nden des Datenschutzbeauftragten (DPO)<\/strong><\/p>\n\n<p><strong>107 traverse des lev\u00e9es, Parc d&#8217;activit\u00e9 Les Lev\u00e9es&#13;\n38 470 Vinay&#13;\nFRANKREICH<\/strong><\/p>\n\n<p>Sie haben auch das Recht, sich bei einer Aufsichtsbeh\u00f6rde zu beschweren und einen gerichtlichen Rechtsbehelf einzulegen, insbesondere dann, wenn Ihren Antr\u00e4gen auf Aus\u00fcbung Ihrer Rechte innerhalb eines Monats nach deren Einreichung nicht entsprochen wurde.<\/p>\n\n<h1 class=\"wp-block-heading\" id=\"how-long-do-we-retain-your-data-for\">Wie lange bewahren wir Ihre Daten auf?<\/h1>\n\n<p>Die von COTHERM gesammelten personenbezogenen Daten werden nur so lange aufbewahrt, wie es zur Erreichung des Zwecks, f\u00fcr den sie gesammelt wurden, oder zur Einhaltung von Rechts- und Verwaltungsvorschriften erforderlich ist. COTHERM verpflichtet sich, Ihre personenbezogenen Daten nicht \u00fcber den f\u00fcr die Erbringung der Dienstleistung erforderlichen Zeitraum hinaus aufzubewahren.<\/p>\n\n<h2 class=\"wp-block-heading\" id=\"where-do-we-store-your-personal-data\">Wo speichern wir Ihre personenbezogenen Daten?<\/h2>\n\n<p>V<\/p>\n\n<p>Werden personenbezogene Daten an Konzerngesellschaften oder Auftragsverarbeiter au\u00dferhalb der Europ\u00e4ischen Union \u00fcbermittelt, verpflichtet sich COTHERM, sicherzustellen, dass diese Empf\u00e4nger die Bestimmungen der Verordnung (EU) 2016\/679 einhalten.<\/p>\n\n<h2 class=\"wp-block-heading\" id=\"who-has-access-to-your-personal-data\">Wer hat Zugang zu Ihren pers\u00f6nlichen Daten?<\/h2>\n\n<p>COTHERM kann die von Ihnen zur Verf\u00fcgung gestellten oder gesammelten personenbezogenen Daten an seine Tochtergesellschaften, Mitarbeiter, Dienstleister oder angeschlossenen Einrichtungen weitergeben<\/p>\n\n<ul class=\"wp-block-list\"><li>die diese Informationen kennen m\u00fcssen, um sie im Namen von COTHERM zu verarbeiten oder Dienstleistungen f\u00fcr die oben genannten Zwecke zu erbringen, und <\/li><li>die zugestimmt haben, sie nicht an Dritte weiterzugeben.<\/li><\/ul>\n\n<p>COTHERM wird personenbezogene Daten nicht an Dritte vermieten oder verkaufen. Abgesehen von seinen Mitarbeitern, Dienstleistern und angeschlossenen Einrichtungen, wie oben erw\u00e4hnt, gibt COTHERM personenbezogene Daten nur weiter, wenn dies gesetzlich vorgeschrieben ist.<\/p>\n\n<h2 class=\"wp-block-heading\" id=\"how-do-we-canvass-our-customers\">Wie werben wir unsere Kunden an?<\/h2>\n\n<p>Wenn Sie uns Ihre E-Mail-Adresse oder Mobiltelefonnummer angegeben und dem Erhalt von Mitteilungen von uns zugestimmt haben oder wenn Sie bei uns eine Bestellung aufgegeben haben, kann COTHERM Ihnen E-Mails oder Textnachrichten senden, um Sie \u00fcber unsere Angebote zu informieren, Ihnen Informationen \u00fcber neue Funktionen und Produkte zu geben, Sie nach Ihrer Meinung zu fragen oder Sie einfach \u00fcber Neuigkeiten und Angebote der COTHERM-Marken auf dem Laufenden zu halten. Sie k\u00f6nnen dieser Art von Werbung jederzeit widersprechen, indem Sie sich \u00fcber den Link in jeder E-Mail abmelden, mit STOP auf eine Textnachricht antworten oder unseren DSB unter einer der oben genannten Adressen kontaktieren.<\/p>\n\n<h1 class=\"wp-block-heading\" id=\"how-are-your-personal-data-protected\">Wie werden Ihre pers\u00f6nlichen Daten gesch\u00fctzt?<\/h1>\n\n<p>COTHERM ergreift alle angemessenen Ma\u00dfnahmen, die erforderlich sind, um die verarbeiteten personenbezogenen (oder potenziell personenbezogenen) Daten vor unbefugtem Zugriff, unbefugter Nutzung, unbefugter \u00c4nderung oder Vernichtung zu sch\u00fctzen.<\/p>\n\n<p>Wir haben uns zur Sicherheit unserer Dienste verpflichtet und physische, administrative und technische Ma\u00dfnahmen ergriffen, um den unbefugten Zugriff auf Ihre Daten zu verhindern. Unsere Sicherheitsrichtlinien umfassen das Sicherheitsmanagement f\u00fcr interne Abl\u00e4ufe und unsere Dienste. Diese Richtlinien regeln alle f\u00fcr die Dienste geltenden Sicherheitsbereiche und gelten f\u00fcr alle Mitarbeiter von COTHERM sowie f\u00fcr unsere Dienstleister und Unterauftragnehmer, die Zugang zu diesen Daten haben m\u00fcssen.<\/p>\n\n<p>Wenn wir feststellen, dass Ihre Daten von einem Dritten missbraucht oder auf andere Weise f\u00e4lschlicherweise erworben wurden, werden wir Sie und die Aufsichtsbeh\u00f6rde (CNIL in Frankreich) so schnell wie m\u00f6glich informieren.<\/p>\n\n<h2 class=\"wp-block-heading\" id=\"how-are-personal-data-concerning-minors-collected\">Wie werden personenbezogene Daten \u00fcber Minderj\u00e4hrige erhoben?<\/h2>\n\n<p>Obwohl COTHERM nicht versucht, personenbezogene Daten \u00fcber Minderj\u00e4hrige zu sammeln, k\u00f6nnen einige Dienste von Minderj\u00e4hrigen genutzt werden. In diesem Fall obliegt es den Eltern oder einer anderen Person mit elterlicher Verantwortung zu entscheiden, ob ihr minderj\u00e4hriges Kind die Dienste von COTHERM nutzen darf.<\/p>\n\n<h1 class=\"wp-block-heading\" id=\"changes-to-the-confidentiality-policy\">\u00c4nderungen der Vertraulichkeitspolitik<\/h1>\n\n<p>COTHERM kann seine Politik zur Verarbeitung personenbezogener Daten jederzeit \u00e4ndern. Die Nutzung eines COTHERM-Dienstes nach einer \u00c4nderung der Vertraulichkeitspolitik stellt eine<\/p>\n\n<hr class=\"wp-block-separator\"\/>\n\n<p>.<\/p>\n\n<p><a href=\"#_msoanchor_1\">[CM1]<\/a>Remplacer par une adresse mail cotherm<\/p>\n","protected":false},"excerpt":{"rendered":"<p>Der Schutz Ihrer Privatsph\u00e4re und Ihrer pers\u00f6nlichen Daten ist eines unserer wichtigsten Anliegen. COTHERM wendet die folgenden Grunds\u00e4tze in Bezug auf Vertraulichkeit und den Schutz personenbezogener Daten an: Wir bitten Sie nur dann um personenbezogene Daten oder verarbeiten diese, wenn dies unbedingt erforderlich ist oder Sie uns Ihre Zustimmung dazu gegeben haben. Wir geben Ihre [&hellip;]<\/p>\n","protected":false},"author":1,"featured_media":0,"parent":0,"menu_order":0,"comment_status":"closed","ping_status":"open","template":"","meta":{"_acf_changed":false,"footnotes":""},"class_list":["post-3436","page","type-page","status-publish","hentry"],"acf":[],"yoast_head":"<!-- This site is optimized with the Yoast SEO plugin v26.8 - https:\/\/yoast.com\/product\/yoast-seo-wordpress\/ -->\n<title>Datenschutzrichtlinie - Cotherm<\/title>\n<meta name=\"robots\" content=\"index, follow, max-snippet:-1, max-image-preview:large, max-video-preview:-1\" \/>\n<link rel=\"canonical\" href=\"https:\/\/www.cotherm.com\/de\/privacy-policy\/\" \/>\n<meta property=\"og:locale\" content=\"de_DE\" \/>\n<meta property=\"og:type\" content=\"article\" \/>\n<meta property=\"og:title\" content=\"Datenschutzrichtlinie - Cotherm\" \/>\n<meta property=\"og:description\" content=\"Der Schutz Ihrer Privatsph\u00e4re und Ihrer pers\u00f6nlichen Daten ist eines unserer wichtigsten Anliegen. COTHERM wendet die folgenden Grunds\u00e4tze in Bezug auf Vertraulichkeit und den Schutz personenbezogener Daten an: Wir bitten Sie nur dann um personenbezogene Daten oder verarbeiten diese, wenn dies unbedingt erforderlich ist oder Sie uns Ihre Zustimmung dazu gegeben haben. Wir geben Ihre [&hellip;]\" \/>\n<meta property=\"og:url\" content=\"https:\/\/www.cotherm.com\/de\/privacy-policy\/\" \/>\n<meta property=\"og:site_name\" content=\"Cotherm\" \/>\n<meta property=\"article:modified_time\" content=\"2023-11-30T11:25:54+00:00\" \/>\n<meta property=\"og:image\" content=\"https:\/\/www.cotherm.com\/content\/uploads\/2022\/02\/image.png\" \/>\n<meta name=\"twitter:card\" content=\"summary_large_image\" \/>\n<meta name=\"twitter:label1\" content=\"Est. reading time\" \/>\n\t<meta name=\"twitter:data1\" content=\"6 minutes\" \/>\n<script type=\"application\/ld+json\" class=\"yoast-schema-graph\">{\"@context\":\"https:\/\/schema.org\",\"@graph\":[{\"@type\":\"WebPage\",\"@id\":\"https:\/\/www.cotherm.com\/de\/privacy-policy\/\",\"url\":\"https:\/\/www.cotherm.com\/de\/privacy-policy\/\",\"name\":\"Datenschutzrichtlinie - Cotherm\",\"isPartOf\":{\"@id\":\"https:\/\/www.cotherm.com\/de\/#website\"},\"primaryImageOfPage\":{\"@id\":\"https:\/\/www.cotherm.com\/de\/privacy-policy\/#primaryimage\"},\"image\":{\"@id\":\"https:\/\/www.cotherm.com\/de\/privacy-policy\/#primaryimage\"},\"thumbnailUrl\":\"https:\/\/www.cotherm.com\/content\/uploads\/2022\/02\/image.png\",\"datePublished\":\"2022-01-28T09:49:32+00:00\",\"dateModified\":\"2023-11-30T11:25:54+00:00\",\"breadcrumb\":{\"@id\":\"https:\/\/www.cotherm.com\/de\/privacy-policy\/#breadcrumb\"},\"inLanguage\":\"de-DE\",\"potentialAction\":[{\"@type\":\"ReadAction\",\"target\":[\"https:\/\/www.cotherm.com\/de\/privacy-policy\/\"]}]},{\"@type\":\"ImageObject\",\"inLanguage\":\"de-DE\",\"@id\":\"https:\/\/www.cotherm.com\/de\/privacy-policy\/#primaryimage\",\"url\":\"https:\/\/www.cotherm.com\/content\/uploads\/2022\/02\/image.png\",\"contentUrl\":\"https:\/\/www.cotherm.com\/content\/uploads\/2022\/02\/image.png\"},{\"@type\":\"BreadcrumbList\",\"@id\":\"https:\/\/www.cotherm.com\/de\/privacy-policy\/#breadcrumb\",\"itemListElement\":[{\"@type\":\"ListItem\",\"position\":1,\"name\":\"Startseite\",\"item\":\"https:\/\/www.cotherm.com\/de\/\"},{\"@type\":\"ListItem\",\"position\":2,\"name\":\"Datenschutzrichtlinie\"}]},{\"@type\":\"WebSite\",\"@id\":\"https:\/\/www.cotherm.com\/de\/#website\",\"url\":\"https:\/\/www.cotherm.com\/de\/\",\"name\":\"Cotherm\",\"description\":\"Un site utilisant WordPress\",\"potentialAction\":[{\"@type\":\"SearchAction\",\"target\":{\"@type\":\"EntryPoint\",\"urlTemplate\":\"https:\/\/www.cotherm.com\/de\/?s={search_term_string}\"},\"query-input\":{\"@type\":\"PropertyValueSpecification\",\"valueRequired\":true,\"valueName\":\"search_term_string\"}}],\"inLanguage\":\"de-DE\"}]}<\/script>\n<!-- \/ Yoast SEO plugin. -->","yoast_head_json":{"title":"Datenschutzrichtlinie - Cotherm","robots":{"index":"index","follow":"follow","max-snippet":"max-snippet:-1","max-image-preview":"max-image-preview:large","max-video-preview":"max-video-preview:-1"},"canonical":"https:\/\/www.cotherm.com\/de\/privacy-policy\/","og_locale":"de_DE","og_type":"article","og_title":"Datenschutzrichtlinie - Cotherm","og_description":"Der Schutz Ihrer Privatsph\u00e4re und Ihrer pers\u00f6nlichen Daten ist eines unserer wichtigsten Anliegen. COTHERM wendet die folgenden Grunds\u00e4tze in Bezug auf Vertraulichkeit und den Schutz personenbezogener Daten an: Wir bitten Sie nur dann um personenbezogene Daten oder verarbeiten diese, wenn dies unbedingt erforderlich ist oder Sie uns Ihre Zustimmung dazu gegeben haben. Wir geben Ihre [&hellip;]","og_url":"https:\/\/www.cotherm.com\/de\/privacy-policy\/","og_site_name":"Cotherm","article_modified_time":"2023-11-30T11:25:54+00:00","og_image":[{"url":"https:\/\/www.cotherm.com\/content\/uploads\/2022\/02\/image.png","type":"","width":"","height":""}],"twitter_card":"summary_large_image","twitter_misc":{"Est. reading time":"6 minutes"},"schema":{"@context":"https:\/\/schema.org","@graph":[{"@type":"WebPage","@id":"https:\/\/www.cotherm.com\/de\/privacy-policy\/","url":"https:\/\/www.cotherm.com\/de\/privacy-policy\/","name":"Datenschutzrichtlinie - Cotherm","isPartOf":{"@id":"https:\/\/www.cotherm.com\/de\/#website"},"primaryImageOfPage":{"@id":"https:\/\/www.cotherm.com\/de\/privacy-policy\/#primaryimage"},"image":{"@id":"https:\/\/www.cotherm.com\/de\/privacy-policy\/#primaryimage"},"thumbnailUrl":"https:\/\/www.cotherm.com\/content\/uploads\/2022\/02\/image.png","datePublished":"2022-01-28T09:49:32+00:00","dateModified":"2023-11-30T11:25:54+00:00","breadcrumb":{"@id":"https:\/\/www.cotherm.com\/de\/privacy-policy\/#breadcrumb"},"inLanguage":"de-DE","potentialAction":[{"@type":"ReadAction","target":["https:\/\/www.cotherm.com\/de\/privacy-policy\/"]}]},{"@type":"ImageObject","inLanguage":"de-DE","@id":"https:\/\/www.cotherm.com\/de\/privacy-policy\/#primaryimage","url":"https:\/\/www.cotherm.com\/content\/uploads\/2022\/02\/image.png","contentUrl":"https:\/\/www.cotherm.com\/content\/uploads\/2022\/02\/image.png"},{"@type":"BreadcrumbList","@id":"https:\/\/www.cotherm.com\/de\/privacy-policy\/#breadcrumb","itemListElement":[{"@type":"ListItem","position":1,"name":"Startseite","item":"https:\/\/www.cotherm.com\/de\/"},{"@type":"ListItem","position":2,"name":"Datenschutzrichtlinie"}]},{"@type":"WebSite","@id":"https:\/\/www.cotherm.com\/de\/#website","url":"https:\/\/www.cotherm.com\/de\/","name":"Cotherm","description":"Un site utilisant WordPress","potentialAction":[{"@type":"SearchAction","target":{"@type":"EntryPoint","urlTemplate":"https:\/\/www.cotherm.com\/de\/?s={search_term_string}"},"query-input":{"@type":"PropertyValueSpecification","valueRequired":true,"valueName":"search_term_string"}}],"inLanguage":"de-DE"}]}},"_links":{"self":[{"href":"https:\/\/www.cotherm.com\/de\/wp-json\/wp\/v2\/pages\/3436","targetHints":{"allow":["GET"]}}],"collection":[{"href":"https:\/\/www.cotherm.com\/de\/wp-json\/wp\/v2\/pages"}],"about":[{"href":"https:\/\/www.cotherm.com\/de\/wp-json\/wp\/v2\/types\/page"}],"author":[{"embeddable":true,"href":"https:\/\/www.cotherm.com\/de\/wp-json\/wp\/v2\/users\/1"}],"replies":[{"embeddable":true,"href":"https:\/\/www.cotherm.com\/de\/wp-json\/wp\/v2\/comments?post=3436"}],"version-history":[{"count":2,"href":"https:\/\/www.cotherm.com\/de\/wp-json\/wp\/v2\/pages\/3436\/revisions"}],"predecessor-version":[{"id":3470,"href":"https:\/\/www.cotherm.com\/de\/wp-json\/wp\/v2\/pages\/3436\/revisions\/3470"}],"wp:attachment":[{"href":"https:\/\/www.cotherm.com\/de\/wp-json\/wp\/v2\/media?parent=3436"}],"curies":[{"name":"wp","href":"https:\/\/api.w.org\/{rel}","templated":true}]}}